{"id":4401,"date":"2024-05-11T20:07:21","date_gmt":"2024-05-11T20:07:21","guid":{"rendered":"https:\/\/www.hidden-champions-of-consulting.de\/?page_id=4401"},"modified":"2025-05-04T03:52:07","modified_gmt":"2025-05-04T03:52:07","slug":"be-in-good-company","status":"publish","type":"page","link":"https:\/\/www.hidden-champions-of-consulting.de\/en\/karriere\/be-in-good-company\/","title":{"rendered":"Be in good Company"},"content":{"rendered":"<div class=\"three-col-teaser tct-block_7500acab1fd003161ce44ba25e3bacd9\" style=\"background-color:#fff\">\n<div class=\"container\">\n\n\t\n        <div class=\"row\">\n            <div class=\"col-12\">\n                <div class=\"mainheadline-full\"><h1 style=\"text-align: center;\">Be in Good Company<\/h1>\n<p style=\"text-align: center;\">Hidden Champions provide various advantages compared to large consultancies such as McKinsey, BCG and Bain (MBB), the Big 4 or Accenture.<\/p>\n<\/div>\n            <\/div>\n        <\/div>\n\n\t\n\n\n    <div class=\"row\">\n        <div class=\"col-12 col-md-4\">\n\n                <div class=\"tct_content tct_element_1\" style=\"background-color:#f6f6b6\">\n\n                    \n                    <div class=\"inner\">\n                                                    <h4>1. Vorteil<\/h4>\n                        \n                                                    <h3>Tiefgreifende Expertise<\/h3>\n                        \n                                                    <p>Hidden Champions sind vornehmlich auf wenige (Nischen-)Branchen oder Disziplinen spezialisiert. Daher k\u00f6nnen Beraterinnen und Berater von Beginn an eine tiefgreifende Expertise in der jeweiligen Branche oder Disziplin aufbauen.<\/p>\n                                            <\/div>\n                <\/div>\n\n\n            <\/div><div class=\"col-12 col-md-4\">\n\n                <div class=\"tct_content tct_element_2\" style=\"background-color:#f6f6b6\">\n\n                    \n                    <div class=\"inner\">\n                                                    <h4>2. VORTEIL<\/h4>\n                        \n                                                    <h3>Enge Klientenbeziehung<\/h3>\n                        \n                                                    <p>Auch junge Beraterinnen und Berater stehen bei einem Hidden Champion meist schon sehr fr\u00fch in direktem Kontakt zu den Klienten, wodurch sie schnell enge Beziehungen aufbauen und einen gro\u00dfen Einfluss auf das Projektergebnis nehmen k\u00f6nnen.<\/p>\n                                            <\/div>\n                <\/div>\n\n\n            <\/div><div class=\"col-12 col-md-4\">\n\n                <div class=\"tct_content tct_element_3\" style=\"background-color:#f6f6b6\">\n\n                    \n                    <div class=\"inner\">\n                                                    <h4>3. VORTEIL<\/h4>\n                        \n                                                    <h3>Hohe Flexibilit\u00e4t<\/h3>\n                        \n                                                    <p>Hidden Champions bieten ihren Beraterinnen und Beratern \u00fcblicherweise eine sehr gro\u00dfe Flexibilit\u00e4t in Bezug auf Arbeitsvereinbarungen, Projektauftr\u00e4ge und Karrierewege.<\/p>\n                                            <\/div>\n                <\/div>\n\n\n            <\/div>\n    <\/div>\n<\/div>\n\n\n<\/div>\n\n\n<div class=\"three-col-teaser tct-block_eb2481c3a587ee9b43fd54fd3e299e01\" style=\"background-color:#fff\">\n<div class=\"container\">\n\n\t\n\n\n    <div class=\"row\">\n        <div class=\"col-12 col-md-4\">\n\n                <div class=\"tct_content tct_element_1\" style=\"background-color:#f6f6b6\">\n\n                    \n                    <div class=\"inner\">\n                                                    <h4>4. VORTEIL<\/h4>\n                        \n                                                    <h3>Fr\u00fche \u00dcbernahme von Verantwortung<\/h3>\n                        \n                                                    <p>Die Projektteams der Hidden Champions sind oft etwas kleiner als die der gro\u00dfen Beratungen. So k\u00f6nnen junge Beraterinnen und Berater meist schon fr\u00fchzeitig Projektaufgaben mit gro\u00dfer Verantwortung \u00fcbernehmen.<\/p>\n                                            <\/div>\n                <\/div>\n\n\n            <\/div><div class=\"col-12 col-md-4\">\n\n                <div class=\"tct_content tct_element_2\" style=\"background-color:#f6f6b6\">\n\n                    \n                    <div class=\"inner\">\n                                                    <h4>5. VORTEIL<\/h4>\n                        \n                                                    <h3>Impact im Unternehmen<\/h3>\n                        \n                                                    <p>Hidden Champions sind \u00fcblicherweise noch relativ klein verglichen mit den gro\u00dfen Beratungsh\u00e4usern und befinden sich im Wachstum. Daher haben Beraterinnen und Berater meist schon fr\u00fch die M\u00f6glichkeit, F\u00fchrungsaufgaben zu \u00fcbernehmen, zum Wachstum der Firma beizutragen und die zuk\u00fcnftige Unternehmensausrichtung unmittelbar mitzugestalten.<\/p>\n                                            <\/div>\n                <\/div>\n\n\n            <\/div><div class=\"col-12 col-md-4\">\n\n                <div class=\"tct_content tct_element_3\" style=\"background-color:#f6f6b6\">\n\n                    \n                    <div class=\"inner\">\n                                                    <h4>6. VORTEIL<\/h4>\n                        \n                                                    <h3>Attraktive Work-Life-Balance<\/h3>\n                        \n                                                    <p>Hidden Champions bringen Arbeit und Freizeit h\u00e4ufig besser in Balance als gro\u00dfe Beratungsh\u00e4user. Dabei liegen die Verdienstm\u00f6glichkeiten bei einem Hidden Champion oft nicht oder nicht weit unter denen bei den MBB.<\/p>\n                                            <\/div>\n                <\/div>\n\n\n            <\/div>\n    <\/div>\n<\/div>\n\n\n<\/div>\n\n\n\n<div style=\"height:50px\" aria-hidden=\"true\" class=\"wp-block-spacer\"><\/div>\n\n\n<div id=\"block_e4b48f6eead6a9a03923e70b176f1319\" class=\"row mb-0\">\n\t\t\t            <div class=\"col-12 col-md-6 infoblock-spacing\">\n                <div id=\"block_e4b48f6eead6a9a03923e70b176f1319-left\" class=\"block-infoblock\" style=\"background-color:#FAFAFA;\">                                         <style>\n                        #block_e4b48f6eead6a9a03923e70b176f1319-left {\n                            background-image: url(https:\/\/www.hidden-champions-of-consulting.de\/wp-content\/uploads\/2024\/06\/Karriere_Crack-the-Case_desktop1-700x615.png);\n                            background-position:center;\n                            background-size:cover;\n                        }\n\n                                                @media screen and (max-width: 767px) {\n                            #block_e4b48f6eead6a9a03923e70b176f1319-left {\n                                background-image: url(https:\/\/www.hidden-champions-of-consulting.de\/wp-content\/uploads\/2024\/06\/Karriere_Methode_mobil-513x700.png);\n                                background-position:center;\n                                background-size:cover;\n                            }\n                        }\n                                            <\/style>\n                    \n\t\t\t\t\t<div class=\"startcontent\"><h2 style=\"text-align: center;\">Crack the Case<\/h2>\n<p style=\"text-align: center;\">Explore the vast collection of cases from the 30 Hidden Champions.<\/p>\n<p style=\"text-align: center;\"><a href=\"https:\/\/www.hidden-champions-of-consulting.de\/en\/case-sammlung\/\">Learn more &gt;<\/a><\/p>\n<p>&nbsp;<\/p>\n<\/div>\n\n\t                \n                                    <\/div>\n            <\/div>\n\t\t\t\n\n\n\n\t\t\t            <div class=\"col-12 col-md-6 infoblock-spacing\">\n                <div id=\"block_e4b48f6eead6a9a03923e70b176f1319-right\" class=\"block-infoblock\" style=\"background-color:#FAFAFA;\">\n\t                                        <style>\n                            #block_e4b48f6eead6a9a03923e70b176f1319-right {\n                                background-image: url(https:\/\/www.hidden-champions-of-consulting.de\/wp-content\/uploads\/2024\/06\/Champions_Methodik_desktop_final1-700x615.png);\n                                background-position:center;\n                                background-size:cover;\n                            }\n\n                                                        @media screen and (max-width: 767px) {\n                                #block_e4b48f6eead6a9a03923e70b176f1319-right {\n                                    background-image: url(https:\/\/www.hidden-champions-of-consulting.de\/wp-content\/uploads\/2024\/06\/Methodik_mobil_gross-449x700.png);\n                                    background-position:center;\n                                    background-size:cover;\n                                }\n                            }\n                                                    <\/style>\n\t                \n\t\t\t\t\t<div class=\"startcontent\"><h2 style=\"text-align: center;\">Methodology<\/h2>\n<p style=\"text-align: center;\">All consultancies are benchmarked uncompromisingly with McKinsey, BCG and Bain. Based on over 30 individual criteria - from the perspective of over 1,000 consulting clients.<\/p>\n<p style=\"text-align: center;\"><a href=\"https:\/\/www.hidden-champions-of-consulting.de\/en\/methodology\/\">View methodology &gt;<\/a><\/p>\n<\/div>\n\t                \n\t\t\t\t\t                <\/div>\n            <\/div>\n\t\t\t\n<\/div>","protected":false},"excerpt":{"rendered":"","protected":false},"author":1,"featured_media":0,"parent":858,"menu_order":0,"comment_status":"closed","ping_status":"closed","template":"","meta":{"_acf_changed":false,"footnotes":""},"class_list":["post-4401","page","type-page","status-publish","hentry"],"acf":[],"_links":{"self":[{"href":"https:\/\/www.hidden-champions-of-consulting.de\/en\/wp-json\/wp\/v2\/pages\/4401","targetHints":{"allow":["GET"]}}],"collection":[{"href":"https:\/\/www.hidden-champions-of-consulting.de\/en\/wp-json\/wp\/v2\/pages"}],"about":[{"href":"https:\/\/www.hidden-champions-of-consulting.de\/en\/wp-json\/wp\/v2\/types\/page"}],"author":[{"embeddable":true,"href":"https:\/\/www.hidden-champions-of-consulting.de\/en\/wp-json\/wp\/v2\/users\/1"}],"replies":[{"embeddable":true,"href":"https:\/\/www.hidden-champions-of-consulting.de\/en\/wp-json\/wp\/v2\/comments?post=4401"}],"version-history":[{"count":0,"href":"https:\/\/www.hidden-champions-of-consulting.de\/en\/wp-json\/wp\/v2\/pages\/4401\/revisions"}],"up":[{"embeddable":true,"href":"https:\/\/www.hidden-champions-of-consulting.de\/en\/wp-json\/wp\/v2\/pages\/858"}],"wp:attachment":[{"href":"https:\/\/www.hidden-champions-of-consulting.de\/en\/wp-json\/wp\/v2\/media?parent=4401"}],"curies":[{"name":"wp","href":"https:\/\/api.w.org\/{rel}","templated":true}]}}