{"id":813,"date":"2023-11-10T21:14:12","date_gmt":"2023-11-10T21:14:12","guid":{"rendered":"https:\/\/www.hidden-champions-of-consulting.de\/?page_id=813"},"modified":"2026-02-05T19:25:08","modified_gmt":"2026-02-05T19:25:08","slug":"about-us","status":"publish","type":"page","link":"https:\/\/www.hidden-champions-of-consulting.de\/en\/ueber-uns\/","title":{"rendered":"About us"},"content":{"rendered":"<h1 class=\"wp-block-heading\">The WGMB. Practical insights. Academic rigor. True independence.<\/h1>\n\n\n\n<p>The Wissenschaftliche Gesellschaft f\u00fcr Management und Beratung is a privately funded research institute.<\/p>\n\n\n\n<p>We analyze current management and consulting topics and evaluate the competencies of leading management consulting firms such as McKinsey, Bain and BCG, IT consultants like Accenture, IBM and Capgemini, and auditing firms like PwC, Deloitte, KPMG and EY. The core of our work is the sound handling of figures, data and facts. Based on this work, we support consultants and their clients as sparring partners and as a source of new perspectives.<\/p>\n\n\n\n<p>In all our activities, we are committed to strict scientific standards. We build on solid quantitative methods and supplement them with modern qualitative approaches from economics, psychology and social sciences. In this way, we want to contribute to a better understanding of management and consulting processes.<\/p>\n\n\n<div class=\"team-teaser\">\n    <div class=\"container\">\n        <div class=\"row\">\n            <div class=\"col-12\">\n\t\t\t\t<h2>Unser Management<\/h2>            <\/div>\n        <\/div>\n\n        <div class=\"row\">\n            <div class=\"col-12 col-sm-6 col-lg-3 team-container\"><img decoding=\"async\" src=\"https:\/\/www.hidden-champions-of-consulting.de\/wp-content\/uploads\/2023\/12\/Dietmar-Fink-300x300.png\" title=\"Dietmar Fink\" alt=\"Professor Dietmar Fink\">\n                    <div class=\"team-teaser-content\">\n\t                    <strong>Prof. Dr. Dietmar Fink<\/strong><p>Wissenschaftlicher Direktor<br \/>\r\nWGMB<\/p><span class=\"team-phone\"><a href=\"tel: +49 (0)30 \/ 3001 4930 34\"> +49 (0)30 \/ 3001 4930 34<\/a><\/span><span class=\"team-mail\"><a href=\"mailto:dietmar.fink@wgmb.org\"> dietmar.fink@wgmb.org<\/a><\/span>                    <\/div>\n\n\n                <\/div><div class=\"col-12 col-sm-6 col-lg-3 team-container\"><img decoding=\"async\" src=\"https:\/\/www.hidden-champions-of-consulting.de\/wp-content\/uploads\/2023\/12\/Bianka-Knoblach-300x300.png\" title=\"Bianka Knoblach\" alt=\"Bianka Knoblach\">\n                    <div class=\"team-teaser-content\">\n\t                    <strong>Dr. Bianka Knoblach<\/strong><p>Gesch\u00e4ftsf\u00fchrende Direktorin<br \/>\r\nWGMB<\/p><span class=\"team-phone\"><a href=\"tel: +49 (0)30 \/ 3001 4930 34\"> +49 (0)30 \/ 3001 4930 34<\/a><\/span><span class=\"team-mail\"><a href=\"mailto:bianka.knoblach@wgmb.org\"> bianka.knoblach@wgmb.org<\/a><\/span>                    <\/div>\n\n\n                <\/div><div class=\"col-12 col-sm-6 col-lg-3 team-container\"><img decoding=\"async\" src=\"https:\/\/www.hidden-champions-of-consulting.de\/wp-content\/uploads\/2026\/02\/Christoph-Rasche_1-300x300.jpg\" title=\"Christoph-Rasche_1\" alt=\"\">\n                    <div class=\"team-teaser-content\">\n\t                    <strong>Prof. Dr. Christoph Rasche<\/strong><p>Executive Fellow<br \/>\r\nWGMB<\/p><span class=\"team-phone\"><a href=\"tel: +49 (0)30 \/ 3001 4930 34\"> +49 (0)30 \/ 3001 4930 34<\/a><\/span><span class=\"team-mail\"><a href=\"mailto:christoph.rasche@wgmb.org\"> christoph.rasche@wgmb.org<\/a><\/span>                    <\/div>\n\n\n                <\/div><div class=\"col-12 col-sm-6 col-lg-3 team-container\"><img decoding=\"async\" src=\"https:\/\/www.hidden-champions-of-consulting.de\/wp-content\/uploads\/2026\/02\/Marvin-Molwitz_WGMB1-1-300x300.jpg\" title=\"Marvin Molwitz_WGMB1\" alt=\"\">\n                    <div class=\"team-teaser-content\">\n\t                    <strong>Marvin E. Molwitz<\/strong><p>Research Fellow<br \/>\r\nWGMB<\/p><span class=\"team-phone\"><a href=\"tel: +49 (0)30 \/ 3001 4930 34\"> +49 (0)30 \/ 3001 4930 34<\/a><\/span><span class=\"team-mail\"><a href=\"mailto:marvin.molwitz@wgmb.org\"> marvin.molwitz@wgmb.org<\/a><\/span>                    <\/div>\n\n\n                <\/div>        <\/div>\n    <\/div>\n<\/div>","protected":false},"excerpt":{"rendered":"<p>Die WGMB. Praxisnah. Wissenschaftlich. Unabh\u00e4ngig. Die Wissenschaftliche Gesellschaft f\u00fcr Management und Beratung (WGMB) ist ein Forschungsinstitut in privater Tr\u00e4gerschaft. Seit 1998 evaluieren wir die f\u00fchrenden Beratungsunternehmen in Deutschland \u2013 Managementberater wie McKinsey, Bain und BCG, IT-Berater wie Accenture und IBM und Wirtschaftspr\u00fcfer wie PwC, EY, Deloitte und KPMG. In unseren Studien analysieren wir ihre Kompetenzen, [&hellip;]<\/p>\n","protected":false},"author":1,"featured_media":0,"parent":0,"menu_order":0,"comment_status":"closed","ping_status":"closed","template":"","meta":{"_acf_changed":false,"footnotes":""},"class_list":["post-813","page","type-page","status-publish","hentry"],"acf":[],"_links":{"self":[{"href":"https:\/\/www.hidden-champions-of-consulting.de\/en\/wp-json\/wp\/v2\/pages\/813","targetHints":{"allow":["GET"]}}],"collection":[{"href":"https:\/\/www.hidden-champions-of-consulting.de\/en\/wp-json\/wp\/v2\/pages"}],"about":[{"href":"https:\/\/www.hidden-champions-of-consulting.de\/en\/wp-json\/wp\/v2\/types\/page"}],"author":[{"embeddable":true,"href":"https:\/\/www.hidden-champions-of-consulting.de\/en\/wp-json\/wp\/v2\/users\/1"}],"replies":[{"embeddable":true,"href":"https:\/\/www.hidden-champions-of-consulting.de\/en\/wp-json\/wp\/v2\/comments?post=813"}],"version-history":[{"count":2,"href":"https:\/\/www.hidden-champions-of-consulting.de\/en\/wp-json\/wp\/v2\/pages\/813\/revisions"}],"predecessor-version":[{"id":8778,"href":"https:\/\/www.hidden-champions-of-consulting.de\/en\/wp-json\/wp\/v2\/pages\/813\/revisions\/8778"}],"wp:attachment":[{"href":"https:\/\/www.hidden-champions-of-consulting.de\/en\/wp-json\/wp\/v2\/media?parent=813"}],"curies":[{"name":"wp","href":"https:\/\/api.w.org\/{rel}","templated":true}]}}